{"id":237,"date":"2017-07-12T14:10:50","date_gmt":"2017-07-12T13:10:50","guid":{"rendered":"http:\/\/www.re-creation.be\/?page_id=237"},"modified":"2017-07-24T12:58:37","modified_gmt":"2017-07-24T11:58:37","slug":"accompagnement-collectif","status":"publish","type":"page","link":"https:\/\/www.re-creation.be\/index.php\/accompagnement-collectif\/","title":{"rendered":"Accompagnement collectif"},"content":{"rendered":"<h4 style=\"text-align: center;\">Quelle \u00e9quipe \u00eates-vous? Quelle \u00e9quipe voulez-vous \u00eatre?<\/h4>\n<p><img loading=\"lazy\" decoding=\"async\" class=\"size-medium wp-image-265 aligncenter\" src=\"http:\/\/www.re-creation.be\/wp-content\/uploads\/2017\/07\/nuage-de-mots-1-262x300.jpg\" alt=\"\" width=\"262\" height=\"300\" srcset=\"https:\/\/www.re-creation.be\/wp-content\/uploads\/2017\/07\/nuage-de-mots-1-262x300.jpg 262w, https:\/\/www.re-creation.be\/wp-content\/uploads\/2017\/07\/nuage-de-mots-1.jpg 292w\" sizes=\"(max-width: 262px) 100vw, 262px\" \/><\/p>\n<p>&nbsp;<\/p>\n<p>RE-CREATION vous propose de vous rassembler pour un moment de partage de comp\u00e9tences, d&rsquo;exp\u00e9riences, de d\u00e9couverte de vous, de vos coll\u00e8gues, de vos projets&#8230;<\/p>\n<p>Voici quelques propositions th\u00e9matiques qui allient outils de formation\/teambuilding, et activit\u00e9s \u00e0 partager en groupe.<\/p>\n<p><em>Toutes ces propositions sont adaptables en fonction de vos besoins: taille de votre \u00e9quipe,\u00a0 dur\u00e9e, planning,\u00a0 localisation&#8230;<\/em><\/p>\n<p>&nbsp;<\/p>\n<p><strong><b><span style=\"font-size: medium;\"><span style=\"color: #ee2020;\"><b>CARE<\/b><\/span><\/span><\/b><\/strong>: Un moment pour <strong><b><span style=\"font-size: medium;\"><span style=\"color: #ee2020;\"><b>prendre soin de soi et de ses coll\u00e8gues<\/b><\/span><\/span><\/b><\/strong><\/p>\n<p>Le ph\u00e9nom\u00e8ne du burn-out touche toutes les sph\u00e8res professionnelles, toutes les fonctions, et pourtant reste difficile \u00e0 comprendre. Pourtant, en une journ\u00e9e seulement, votre \u00e9quipe peut se prot\u00e9ger, chacun peut, trouver des outils de pr\u00e9vention simples, efficaces et facilement int\u00e9gr\u00e9s au quotidien.<\/p>\n<div id=\"accordions-289\" class=\"accordions-289 accordions\" data-accordions={&quot;lazyLoad&quot;:true,&quot;id&quot;:&quot;289&quot;,&quot;event&quot;:&quot;click&quot;,&quot;collapsible&quot;:&quot;true&quot;,&quot;heightStyle&quot;:&quot;content&quot;,&quot;animateStyle&quot;:&quot;swing&quot;,&quot;animateDelay&quot;:1000,&quot;navigation&quot;:true,&quot;active&quot;:999,&quot;expandedOther&quot;:&quot;no&quot;}>\r\n                <div id=\"accordions-lazy-289\" class=\"accordions-lazy\" accordionsId=\"289\">\r\n                    <\/div>\r\n\r\n    <div class=\"items\"  style=\"display:none\" >\r\n    \r\n            <div post_id=\"289\" itemcount=\"0\"  header_id=\"header-0\" id=\"header-0\" style=\"\" class=\"accordions-head head0 border-none\" toggle-text=\"\" main-text=\"Programme Care:\">\r\n                                    <span id=\"accordion-icons-0\" class=\"accordion-icons\">\r\n                        <span class=\"accordion-icon-active accordion-plus\"><i class=\"fa fa-chevron-up\"><\/i><\/span>\r\n                        <span class=\"accordion-icon-inactive accordion-minus\"><i class=\"fa fa-chevron-down\"><\/i><\/span>\r\n                    <\/span>\r\n                    <span id=\"header-text-0\" class=\"accordions-head-title\">Programme Care:<\/span>\r\n                            <\/div>\r\n            <div class=\"accordion-content content0 \">\r\n                <ul>\n<li><strong>Apprentissage: stress, burn-out, et autres risques psychosociaux :<\/strong> Comprendre le fonctionnement du stress, l\u2019impact sur les individus, les vecteurs de burn-out\u2026<\/li>\n<li><strong>Analyse: les signaux d\u2019alarme\u00a0:<\/strong> Alimentation, troubles de la m\u00e9moire, les parties visibles de l\u2019iceberg<\/li>\n<li><strong>Action: Les gestes bien-\u00eatre\u00a0:<\/strong> les astuces (presque) gratuites pour retrouver un mode de vie sain, et prendre soin de soi<\/li>\n<li><strong>Mise en pratique: Go\u00fbter, d\u00e9couvrir, \u00e9changer!<\/strong> Repas compos\u00e9s de produits du potager & d\u00e9couverte du potager, des projets et installations de la ferme & Exercices d'application sur l'alimentation, la respiration, le soin de soi<\/li>\n<\/ul>\n            <\/div>\r\n    \r\n            <div post_id=\"289\" itemcount=\"1\"  header_id=\"header-1500890041992\" id=\"header-1500890041992\" style=\"\" class=\"accordions-head head1500890041992 border-none\" toggle-text=\"\" main-text=\"La Ferme de Froidmont: un lieu pour prendre soin de soi:\">\r\n                                    <span id=\"accordion-icons-1500890041992\" class=\"accordion-icons\">\r\n                        <span class=\"accordion-icon-active accordion-plus\"><i class=\"fa fa-chevron-up\"><\/i><\/span>\r\n                        <span class=\"accordion-icon-inactive accordion-minus\"><i class=\"fa fa-chevron-down\"><\/i><\/span>\r\n                    <\/span>\r\n                    <span id=\"header-text-1500890041992\" class=\"accordions-head-title\">La Ferme de Froidmont: un lieu pour prendre soin de soi:<\/span>\r\n                            <\/div>\r\n            <div class=\"accordion-content content1500890041992 \">\r\n                <p><img loading=\"lazy\" decoding=\"async\" class=\"alignnone wp-image-241 \" src=\"http:\/\/www.re-creation.be\/wp-content\/uploads\/2017\/07\/Froidmont-1-1024x370.jpg\" alt=\"\" width=\"583\" height=\"211\" srcset=\"https:\/\/www.re-creation.be\/wp-content\/uploads\/2017\/07\/Froidmont-1-1024x370.jpg 1024w, https:\/\/www.re-creation.be\/wp-content\/uploads\/2017\/07\/Froidmont-1-300x108.jpg 300w, https:\/\/www.re-creation.be\/wp-content\/uploads\/2017\/07\/Froidmont-1-768x278.jpg 768w, https:\/\/www.re-creation.be\/wp-content\/uploads\/2017\/07\/Froidmont-1.jpg 1366w\" sizes=\"(max-width: 583px) 100vw, 583px\" \/><\/p>\n<p>Situ\u00e9 \u00e0 Rixensart, cet ancien clo\u00eetre dominicain nich\u00e9 dans un cadre de verdure propose \u00e0 la fois des espaces de formation agr\u00e9ables et fonctionnels, une cuisine bio et de qualit\u00e9, et des potagers qui peuvent \u00eatre visit\u00e9s.<\/p>\n            <\/div>\r\n    <\/div>\r\n\r\n\r\n\r\n            <\/div>\n<p>&nbsp;<\/p>\n<p><img loading=\"lazy\" decoding=\"async\" class=\"aligncenter wp-image-43\" src=\"http:\/\/www.re-creation.be\/wp-content\/uploads\/2016\/08\/Logo-OK-copy-1-300x171.png\" alt=\"\" width=\"72\" height=\"41\" \/><\/p>\n<p>&nbsp;<\/p>\n<p><strong><b><span style=\"font-size: medium;\"><span style=\"color: #ee2020;\"><b>CONNECT<\/b><\/span><\/span><\/b><\/strong>: Un moment de <strong><b><span style=\"font-size: medium;\"><span style=\"color: #ee2020;\"><b>d\u00e9couverte de soi, des autres et du projet commun<\/b><\/span><\/span><\/b><\/strong><\/p>\n<p>Votre \u00e9quipe traverse des changements: d\u00e9m\u00e9nagements, restructurations, nouveaux outils de travail, nouveaux projets ou style de management&#8230; Ces \u00e9tapes peuvent \u00eatre l&rsquo;opportunit\u00e9 de mieux se conna\u00eetre, de red\u00e9finir le projet commun, de se soutenir pour le pr\u00e9senter ensemble!<\/p>\n<p>&nbsp;<\/p>\n<div id=\"accordions-292\" class=\"accordions-292 accordions\" data-accordions={&quot;lazyLoad&quot;:true,&quot;id&quot;:&quot;292&quot;,&quot;event&quot;:&quot;click&quot;,&quot;collapsible&quot;:&quot;true&quot;,&quot;heightStyle&quot;:&quot;content&quot;,&quot;animateStyle&quot;:&quot;swing&quot;,&quot;animateDelay&quot;:1000,&quot;navigation&quot;:true,&quot;active&quot;:999,&quot;expandedOther&quot;:&quot;no&quot;}>\r\n                <div id=\"accordions-lazy-292\" class=\"accordions-lazy\" accordionsId=\"292\">\r\n                    <\/div>\r\n\r\n    <div class=\"items\"  style=\"display:none\" >\r\n    \r\n            <div post_id=\"292\" itemcount=\"0\"  header_id=\"header-0\" id=\"header-0\" style=\"\" class=\"accordions-head head0 border-none\" toggle-text=\"\" main-text=\"Programme Connect:\">\r\n                                    <span id=\"accordion-icons-0\" class=\"accordion-icons\">\r\n                        <span class=\"accordion-icon-active accordion-plus\"><i class=\"fa fa-chevron-up\"><\/i><\/span>\r\n                        <span class=\"accordion-icon-inactive accordion-minus\"><i class=\"fa fa-chevron-down\"><\/i><\/span>\r\n                    <\/span>\r\n                    <span id=\"header-text-0\" class=\"accordions-head-title\">Programme Connect:<\/span>\r\n                            <\/div>\r\n            <div class=\"accordion-content content0 \">\r\n                <p><img loading=\"lazy\" decoding=\"async\" class=\"alignnone wp-image-244 size-full\" src=\"http:\/\/www.re-creation.be\/wp-content\/uploads\/2017\/07\/Programme-CONNECT.jpg\" alt=\"\" width=\"702\" height=\"123\" srcset=\"https:\/\/www.re-creation.be\/wp-content\/uploads\/2017\/07\/Programme-CONNECT.jpg 702w, https:\/\/www.re-creation.be\/wp-content\/uploads\/2017\/07\/Programme-CONNECT-300x53.jpg 300w\" sizes=\"(max-width: 702px) 100vw, 702px\" \/><\/p>\n<ul>\n<li>Pr\u00e9sentation d\u2019un outil de typologie des personnalit\u00e9s, pour faire \u00e9merger les besoins et les attentes de chacun pour une bonne coh\u00e9sion d\u2019\u00e9quipe<\/li>\n<li>Construction du projet d'\u00e9quipe: votre identit\u00e9 collective, votre communication \u00e0 l'int\u00e9rieur et \u00e0 l'ext\u00e9rieur de votre organisation<\/li>\n<\/ul>\n            <\/div>\r\n    \r\n            <div post_id=\"292\" itemcount=\"1\"  header_id=\"header-1500892878265\" id=\"header-1500892878265\" style=\"\" class=\"accordions-head head1500892878265 border-none\" toggle-text=\"\" main-text=\"Escape game Enygma un lieu pour se connecter \u00e0 Bruxelles\">\r\n                                    <span id=\"accordion-icons-1500892878265\" class=\"accordion-icons\">\r\n                        <span class=\"accordion-icon-active accordion-plus\"><i class=\"fa fa-chevron-up\"><\/i><\/span>\r\n                        <span class=\"accordion-icon-inactive accordion-minus\"><i class=\"fa fa-chevron-down\"><\/i><\/span>\r\n                    <\/span>\r\n                    <span id=\"header-text-1500892878265\" class=\"accordions-head-title\">Escape game Enygma un lieu pour se connecter \u00e0 Bruxelles<\/span>\r\n                            <\/div>\r\n            <div class=\"accordion-content content1500892878265 \">\r\n                <p><img loading=\"lazy\" decoding=\"async\" class=\"alignnone size-medium wp-image-252\" src=\"http:\/\/www.re-creation.be\/wp-content\/uploads\/2017\/07\/enygma-2-300x225.jpg\" alt=\"\" width=\"300\" height=\"225\" srcset=\"https:\/\/www.re-creation.be\/wp-content\/uploads\/2017\/07\/enygma-2-300x225.jpg 300w, https:\/\/www.re-creation.be\/wp-content\/uploads\/2017\/07\/enygma-2-768x576.jpg 768w, https:\/\/www.re-creation.be\/wp-content\/uploads\/2017\/07\/enygma-2.jpg 850w\" sizes=\"(max-width: 300px) 100vw, 300px\" \/><\/p>\n<p>Dans un univers construit par les ma\u00eetres de la mise en sc\u00e8ne, venez vivre un nouveau type d\u2019aventure de groupe sous la forme d\u2019une course durant laquelle vous r\u00e9soudrez des \u00e9nigmes, des myst\u00e8res et des challenges en \u00e9tant plong\u00e9s dans l\u2019histoire. Apr\u00e8s l\u2019exp\u00e9rience, nous pouvons utiliser la vid\u00e9o pour analyser et am\u00e9liorer la communication et la coh\u00e9sion de votre \u00e9quipe.<\/p>\n            <\/div>\r\n    \r\n            <div post_id=\"292\" itemcount=\"2\"  header_id=\"header-1500892995837\" id=\"header-1500892995837\" style=\"\" class=\"accordions-head head1500892995837 border-none\" toggle-text=\"\" main-text=\"Exype:: le simulateur de course pour se connecter \u00e0 Waterloo\">\r\n                                    <span id=\"accordion-icons-1500892995837\" class=\"accordion-icons\">\r\n                        <span class=\"accordion-icon-active accordion-plus\"><i class=\"fa fa-chevron-up\"><\/i><\/span>\r\n                        <span class=\"accordion-icon-inactive accordion-minus\"><i class=\"fa fa-chevron-down\"><\/i><\/span>\r\n                    <\/span>\r\n                    <span id=\"header-text-1500892995837\" class=\"accordions-head-title\">Exype:: le simulateur de course pour se connecter \u00e0 Waterloo<\/span>\r\n                            <\/div>\r\n            <div class=\"accordion-content content1500892995837 \">\r\n                <p><img loading=\"lazy\" decoding=\"async\" class=\"alignnone size-medium wp-image-274\" src=\"http:\/\/www.re-creation.be\/wp-content\/uploads\/2017\/07\/Exype2-300x187.jpeg\" alt=\"\" width=\"300\" height=\"187\" srcset=\"https:\/\/www.re-creation.be\/wp-content\/uploads\/2017\/07\/Exype2-300x187.jpeg 300w, https:\/\/www.re-creation.be\/wp-content\/uploads\/2017\/07\/Exype2-768x479.jpeg 768w, https:\/\/www.re-creation.be\/wp-content\/uploads\/2017\/07\/Exype2-1024x639.jpeg 1024w\" sizes=\"(max-width: 300px) 100vw, 300px\" \/><\/p>\n<p>Apprenez ensemble \u00e0 piloter une voiture de course, testez diff\u00e9rent type de conduite, choisissez votre style (GT, rallye, formule 1) et entrez dans la comp\u00e9tition. Vivez la dynamique d\u2019une comp\u00e9tition saine autour de la simulation de course automobile.<\/p>\n            <\/div>\r\n    <\/div>\r\n\r\n\r\n\r\n            <\/div>\n<p>&nbsp;<\/p>\n<p>&nbsp;<\/p>\n<p><img loading=\"lazy\" decoding=\"async\" class=\"aligncenter wp-image-43\" src=\"http:\/\/www.re-creation.be\/wp-content\/uploads\/2016\/08\/Logo-OK-copy-1-300x171.png\" alt=\"\" width=\"72\" height=\"41\" \/><\/p>\n<p>&nbsp;<\/p>\n<p><strong><b><span style=\"font-size: medium;\"><span style=\"color: #ee2020;\"><b>FEEL<\/b><\/span><\/span><\/b><\/strong>: Un moment pour faire vivre \u00e0 vos \u00e9quipes des r\u00e9unions <strong><b><span style=\"font-size: medium;\"><span style=\"color: #ee2020;\"><b>sensationnelles!<\/b><\/span><\/span><\/b><\/strong><\/p>\n<p>Vous courrez apr\u00e8s le temps et pourtant vous organisez et assistez \u00e0 beaucoup de r\u00e9unions durant lesquelles on fait tout autre chose que de participer \u00e0 la r\u00e9union? Appuyez sur PAUSE pour repenser vos r\u00e9unions, d\u00e9couvrir ce qui peut se vivre en \u00e9quipe, comment retrouver du sens et ressentir&#8230;<\/p>\n<p>&nbsp;<\/p>\n<div id=\"accordions-295\" class=\"accordions-295 accordions\" data-accordions={&quot;lazyLoad&quot;:true,&quot;id&quot;:&quot;295&quot;,&quot;event&quot;:&quot;click&quot;,&quot;collapsible&quot;:&quot;true&quot;,&quot;heightStyle&quot;:&quot;content&quot;,&quot;animateStyle&quot;:&quot;swing&quot;,&quot;animateDelay&quot;:1000,&quot;navigation&quot;:true,&quot;active&quot;:999,&quot;expandedOther&quot;:&quot;no&quot;}>\r\n                <div id=\"accordions-lazy-295\" class=\"accordions-lazy\" accordionsId=\"295\">\r\n                    <\/div>\r\n\r\n    <div class=\"items\"  style=\"display:none\" >\r\n    \r\n            <div post_id=\"295\" itemcount=\"0\"  header_id=\"header-0\" id=\"header-0\" style=\"\" class=\"accordions-head head0 border-none\" toggle-text=\"\" main-text=\"Programme Feel:\">\r\n                                    <span id=\"accordion-icons-0\" class=\"accordion-icons\">\r\n                        <span class=\"accordion-icon-active accordion-plus\"><i class=\"fa fa-chevron-up\"><\/i><\/span>\r\n                        <span class=\"accordion-icon-inactive accordion-minus\"><i class=\"fa fa-chevron-down\"><\/i><\/span>\r\n                    <\/span>\r\n                    <span id=\"header-text-0\" class=\"accordions-head-title\">Programme Feel:<\/span>\r\n                            <\/div>\r\n            <div class=\"accordion-content content0 \">\r\n                <ul>\n<li><strong>Une seule solution\u00a0: la pr\u00e9paration\u00a0!\u00a0:<\/strong> Avant la r\u00e9union\u00a0: d\u00e9finir le type de r\u00e9unions, qui inviter, quand, le programme, le timing \u2026<\/li>\n<li><strong>Un cadre confortable\u00a0:<\/strong> Avant et au d\u00e9but de la r\u00e9union\u00a0: d\u00e9finir qui veillera au timing, au PV, au mat\u00e9riel didactique. Pr\u00e9parer les locaux, le catering\u2026<\/li>\n<li><strong>L\u2019art de la sc\u00e8ne\u00a0: <\/strong>Pendant la r\u00e9union\u00a0: les techniques d\u2019animation de r\u00e9union, faire collaborer les participants, susciter du feedback, \u2026<\/li>\n<li><strong>L\u2019impact de votre r\u00e9union\u00a0:<\/strong> Pendant et apr\u00e8s la r\u00e9union\u00a0: D\u00e9finir d\u00e9finir quels seront les \u00ab\u00a0produits\u00a0\u00bb de la r\u00e9union, \u00e0 qui et quand et comment ils seront diffus\u00e9s et les responsabilit\u00e9s de chacun.<\/li>\n<li><strong>Mise en pratique:<\/strong> pr\u00e9sentation par un expert des accords vins, fromages, charcuteries<\/li>\n<\/ul>\n            <\/div>\r\n    \r\n            <div post_id=\"295\" itemcount=\"1\"  header_id=\"header-1500894064090\" id=\"header-1500894064090\" style=\"\" class=\"accordions-head head1500894064090 border-none\" toggle-text=\"\" main-text=\"Wine top: Un lieu pour ressentir et trouver du sens !\">\r\n                                    <span id=\"accordion-icons-1500894064090\" class=\"accordion-icons\">\r\n                        <span class=\"accordion-icon-active accordion-plus\"><i class=\"fa fa-chevron-up\"><\/i><\/span>\r\n                        <span class=\"accordion-icon-inactive accordion-minus\"><i class=\"fa fa-chevron-down\"><\/i><\/span>\r\n                    <\/span>\r\n                    <span id=\"header-text-1500894064090\" class=\"accordions-head-title\">Wine top: Un lieu pour ressentir et trouver du sens !<\/span>\r\n                            <\/div>\r\n            <div class=\"accordion-content content1500894064090 \">\r\n                <p><img loading=\"lazy\" decoding=\"async\" class=\"alignnone size-full wp-image-263\" src=\"http:\/\/www.re-creation.be\/wp-content\/uploads\/2017\/07\/Wine-Top2.jpg\" alt=\"\" width=\"188\" height=\"188\" srcset=\"https:\/\/www.re-creation.be\/wp-content\/uploads\/2017\/07\/Wine-Top2.jpg 188w, https:\/\/www.re-creation.be\/wp-content\/uploads\/2017\/07\/Wine-Top2-150x150.jpg 150w, https:\/\/www.re-creation.be\/wp-content\/uploads\/2017\/07\/Wine-Top2-75x75.jpg 75w\" sizes=\"(max-width: 188px) 100vw, 188px\" \/><img loading=\"lazy\" decoding=\"async\" class=\"alignnone wp-image-262\" src=\"http:\/\/www.re-creation.be\/wp-content\/uploads\/2017\/07\/Wine-Top-300x125.jpg\" alt=\"\" width=\"430\" height=\"179\" \/><\/p>\n<p>Et si vous mettiez vos sens en action: utiliser la vue, l\u2019ou\u00efe mais aussi le toucher, l\u2019odorat et le go\u00fbt pour booster vos apprentissages?! Lors d\u2019un atelier, d\u00e9couvrez les accords vins- fromages \/ charcuterie, profitez des conseils d\u2019un expert, \u00e9largissez vos horizons !<\/p>\n            <\/div>\r\n    <\/div>\r\n\r\n\r\n\r\n            <\/div>\n<p>&nbsp;<\/p>\n<p>&nbsp;<\/p>\n<p><img loading=\"lazy\" decoding=\"async\" class=\"aligncenter wp-image-43\" src=\"http:\/\/www.re-creation.be\/wp-content\/uploads\/2016\/08\/Logo-OK-copy-1-300x171.png\" alt=\"\" width=\"72\" height=\"41\" \/><\/p>\n<p>&nbsp;<\/p>\n<p><strong><b><span style=\"font-size: medium;\"><span style=\"color: #ee2020;\"><b>SHARE<\/b><\/span><\/span><\/b><\/strong>: Un moment pour donner ensemble <strong><b><span style=\"font-size: medium;\"><span style=\"color: #ee2020;\"><b>du temps et de l&rsquo;\u00e9nergie pour une cause d&rsquo;utilit\u00e9 sociale<\/b><\/span><\/span><\/b><\/strong><\/p>\n<p>Et si vos collaborateurs voulaient s&rsquo;\u00e9vader, se retrouver ensemble pour faire autre chose, se rassembler autours de valeurs importantes pour eux, vivre ensemble une journ\u00e9e au contact d&rsquo;autres r\u00e9alit\u00e9s?<\/p>\n<p>&nbsp;<\/p>\n<div id=\"accordions-297\" class=\"accordions-297 accordions\" data-accordions={&quot;lazyLoad&quot;:true,&quot;id&quot;:&quot;297&quot;,&quot;event&quot;:&quot;click&quot;,&quot;collapsible&quot;:&quot;true&quot;,&quot;heightStyle&quot;:&quot;content&quot;,&quot;animateStyle&quot;:&quot;swing&quot;,&quot;animateDelay&quot;:1000,&quot;navigation&quot;:true,&quot;active&quot;:999,&quot;expandedOther&quot;:&quot;no&quot;}>\r\n                <div id=\"accordions-lazy-297\" class=\"accordions-lazy\" accordionsId=\"297\">\r\n                    <\/div>\r\n\r\n    <div class=\"items\"  style=\"display:none\" >\r\n    \r\n            <div post_id=\"297\" itemcount=\"0\"  header_id=\"header-0\" id=\"header-0\" style=\"\" class=\"accordions-head head0 border-none\" toggle-text=\"\" main-text=\"Programme Share: \">\r\n                                    <span id=\"accordion-icons-0\" class=\"accordion-icons\">\r\n                        <span class=\"accordion-icon-active accordion-plus\"><i class=\"fa fa-chevron-up\"><\/i><\/span>\r\n                        <span class=\"accordion-icon-inactive accordion-minus\"><i class=\"fa fa-chevron-down\"><\/i><\/span>\r\n                    <\/span>\r\n                    <span id=\"header-text-0\" class=\"accordions-head-title\">Programme Share: <\/span>\r\n                            <\/div>\r\n            <div class=\"accordion-content content0 \">\r\n                <ul>\n<li><strong>Reconnaitre les ressources <\/strong>de chaque culture et convertir ces diff\u00e9rences en \u00e9nergie pour l\u2019\u00e9quipe.<\/li>\n<li><strong>Adopter des comportements <\/strong>propices \u00e0 l\u2019encadrement de l\u2019interculturalit\u00e9<\/li>\n<li><strong>Renforcer la coh\u00e9sion de groupe <\/strong>dans le respect et la valorisation de l\u2019apport de chacun.<\/li>\n<li><strong>Int\u00e9grer la diversit\u00e9 dans tous les aspects du management d\u2019\u00e9quipe\u00a0: <\/strong>S\u00e9lection & Recrutement, accompagnement de carri\u00e8re, communication interne,\u00a0et externe\u2026<\/li>\n<\/ul>\n<p><img loading=\"lazy\" decoding=\"async\" class=\"aligncenter wp-image-269 \" src=\"http:\/\/www.re-creation.be\/wp-content\/uploads\/2017\/07\/Programme-SHARE.jpg\" sizes=\"(max-width: 734px) 100vw, 734px\" srcset=\"http:\/\/www.re-creation.be\/wp-content\/uploads\/2017\/07\/Programme-SHARE.jpg 878w, http:\/\/www.re-creation.be\/wp-content\/uploads\/2017\/07\/Programme-SHARE-300x138.jpg 300w, http:\/\/www.re-creation.be\/wp-content\/uploads\/2017\/07\/Programme-SHARE-768x353.jpg 768w\" alt=\"\" width=\"734\" height=\"338\" \/><\/p>\n            <\/div>\r\n    \r\n            <div post_id=\"297\" itemcount=\"1\"  header_id=\"header-1500894391963\" id=\"header-1500894391963\" style=\"\" class=\"accordions-head head1500894391963 border-none\" toggle-text=\"\" main-text=\"Convivial: Un lieu de partage pour votre \u00e9quipe \u00e0 Bruxelles\">\r\n                                    <span id=\"accordion-icons-1500894391963\" class=\"accordion-icons\">\r\n                        <span class=\"accordion-icon-active accordion-plus\"><i class=\"fa fa-chevron-up\"><\/i><\/span>\r\n                        <span class=\"accordion-icon-inactive accordion-minus\"><i class=\"fa fa-chevron-down\"><\/i><\/span>\r\n                    <\/span>\r\n                    <span id=\"header-text-1500894391963\" class=\"accordions-head-title\">Convivial: Un lieu de partage pour votre \u00e9quipe \u00e0 Bruxelles<\/span>\r\n                            <\/div>\r\n            <div class=\"accordion-content content1500894391963 \">\r\n                <p><img loading=\"lazy\" decoding=\"async\" class=\"aligncenter wp-image-255 size-full\" src=\"http:\/\/www.re-creation.be\/wp-content\/uploads\/2017\/07\/Convivial.jpg\" alt=\"\" width=\"874\" height=\"114\" srcset=\"https:\/\/www.re-creation.be\/wp-content\/uploads\/2017\/07\/Convivial.jpg 874w, https:\/\/www.re-creation.be\/wp-content\/uploads\/2017\/07\/Convivial-300x39.jpg 300w, https:\/\/www.re-creation.be\/wp-content\/uploads\/2017\/07\/Convivial-768x100.jpg 768w\" sizes=\"(max-width: 874px) 100vw, 874px\" \/><\/p>\n<p>L\u2019asbl Convivial pr\u00e9sente \u00e0 Forest depuis plus\u00a0 de 10 ans accompagne des r\u00e9fugi\u00e9s et demandeurs d\u2019asile reconnus. Quel est le parcours de ces hommes, femmes, enfants depuis leur pays d\u2019origine jusqu\u2019\u00e0 Bruxelles. Quel est leur quotidien? Quelles sont leurs besoins, leurs espoirs, leurs r\u00eaves?<\/p>\n<p>Le parcours p\u00e9dagogique\u00a0 \u201cL\u2019Asile pas \u00e0 pas\u201d permet de comprendre les motifs de leur arriv\u00e9e en Belgique, leurs difficult\u00e9s et perspectives d\u2019avenir. Des t\u00e9moignages permettent de lier ces informations \u00e0 des personnes, des familles. Il est \u00e9galement possible de d\u00e9velopper des partenariats entre votre organisation et Convivial pour des actions de solidarit\u00e9 (b\u00e9n\u00e9volats, \u00e9v\u00e9nements, dons de mat\u00e9riel\u2026).<\/p>\n            <\/div>\r\n    <\/div>\r\n\r\n\r\n\r\n            <\/div>\n<p>&nbsp;<\/p>\n<p>&nbsp;<\/p>\n<p><img loading=\"lazy\" decoding=\"async\" class=\"aligncenter wp-image-43\" src=\"http:\/\/www.re-creation.be\/wp-content\/uploads\/2016\/08\/Logo-OK-copy-1-300x171.png\" alt=\"\" width=\"72\" height=\"41\" \/><\/p>\n<p>&nbsp;<\/p>\n","protected":false},"excerpt":{"rendered":"<p>Quelle \u00e9quipe \u00eates-vous? Quelle \u00e9quipe voulez-vous \u00eatre? &nbsp; RE-CREATION vous propose de vous rassembler pour un moment de partage de comp\u00e9tences, d&rsquo;exp\u00e9riences, de d\u00e9couverte de vous, de vos coll\u00e8gues, de vos projets&#8230; Voici quelques propositions th\u00e9matiques qui allient outils de formation\/teambuilding, et activit\u00e9s \u00e0 partager en groupe. Toutes ces propositions sont adaptables en fonction de [&hellip;]<\/p>\n","protected":false},"author":2,"featured_media":0,"parent":0,"menu_order":0,"comment_status":"closed","ping_status":"closed","template":"","meta":{"kk_blocks_editor_width":"","_kiokenblocks_attr":"","_kiokenblocks_dimensions":"","footnotes":""},"class_list":["post-237","page","type-page","status-publish","hentry"],"_links":{"self":[{"href":"https:\/\/www.re-creation.be\/index.php\/wp-json\/wp\/v2\/pages\/237"}],"collection":[{"href":"https:\/\/www.re-creation.be\/index.php\/wp-json\/wp\/v2\/pages"}],"about":[{"href":"https:\/\/www.re-creation.be\/index.php\/wp-json\/wp\/v2\/types\/page"}],"author":[{"embeddable":true,"href":"https:\/\/www.re-creation.be\/index.php\/wp-json\/wp\/v2\/users\/2"}],"replies":[{"embeddable":true,"href":"https:\/\/www.re-creation.be\/index.php\/wp-json\/wp\/v2\/comments?post=237"}],"version-history":[{"count":32,"href":"https:\/\/www.re-creation.be\/index.php\/wp-json\/wp\/v2\/pages\/237\/revisions"}],"predecessor-version":[{"id":659,"href":"https:\/\/www.re-creation.be\/index.php\/wp-json\/wp\/v2\/pages\/237\/revisions\/659"}],"wp:attachment":[{"href":"https:\/\/www.re-creation.be\/index.php\/wp-json\/wp\/v2\/media?parent=237"}],"curies":[{"name":"wp","href":"https:\/\/api.w.org\/{rel}","templated":true}]}}