{"id":40,"date":"2016-08-25T10:23:12","date_gmt":"2016-08-25T09:23:12","guid":{"rendered":"http:\/\/www.re-creation.be\/?page_id=40"},"modified":"2021-01-27T22:56:02","modified_gmt":"2021-01-27T21:56:02","slug":"contact","status":"publish","type":"page","link":"https:\/\/www.re-creation.be\/index.php\/contact\/","title":{"rendered":"Contact"},"content":{"rendered":"\n<p>Quel que soit votre d\u00e9fi, vos questions, vos envies, compl\u00e9tez ce formulaire vous rapprochera d\u00e9j\u00e0 de votre re-cr\u00e9ation!<\/p>\n\n\n\n<hr class=\"wp-block-separator has-text-color has-background has-vivid-cyan-blue-background-color has-vivid-cyan-blue-color is-style-wide\"\/>\n\n\n\n<div class=\"wp-block-kioken-wrapper kt-wrapper__01e6f0-37\" data-object-id=\"_01e6f0-37\"><div class=\"kt-inner\"><div class=\"kinetic has-no-padding has-no-margin\"><div class=\"wpforms-container wpforms-container-full wpforms-block\" id=\"wpforms-449\"><form id=\"wpforms-form-449\" class=\"wpforms-validate wpforms-form\" data-formid=\"449\" method=\"post\" enctype=\"multipart\/form-data\" action=\"\/index.php\/wp-json\/wp\/v2\/pages\/40\" data-token=\"ec2637e8223ee525bddb80eda4779926\" data-token-time=\"1778992597\"><noscript class=\"wpforms-error-noscript\">Veuillez activer JavaScript dans votre navigateur pour remplir ce formulaire.<\/noscript><div class=\"wpforms-field-container\"><div id=\"wpforms-449-field_0-container\" class=\"wpforms-field wpforms-field-name\" data-field-id=\"0\"><label class=\"wpforms-field-label\">Nom <span class=\"wpforms-required-label\">*<\/span><\/label><div class=\"wpforms-field-row wpforms-field-medium\"><div class=\"wpforms-field-row-block wpforms-first wpforms-one-half\"><input type=\"text\" id=\"wpforms-449-field_0\" class=\"wpforms-field-name-first wpforms-field-required\" name=\"wpforms[fields][0][first]\" required><label for=\"wpforms-449-field_0\" class=\"wpforms-field-sublabel after\">Pr\u00e9nom<\/label><\/div><div class=\"wpforms-field-row-block wpforms-one-half\"><input type=\"text\" id=\"wpforms-449-field_0-last\" class=\"wpforms-field-name-last wpforms-field-required\" name=\"wpforms[fields][0][last]\" required><label for=\"wpforms-449-field_0-last\" class=\"wpforms-field-sublabel after\">Nom<\/label><\/div><\/div><\/div><div id=\"wpforms-449-field_3-container\" class=\"wpforms-field wpforms-field-text\" data-field-id=\"3\"><label class=\"wpforms-field-label\" for=\"wpforms-449-field_3\">Votre Soci\u00e9t\u00e9<\/label><input type=\"text\" id=\"wpforms-449-field_3\" class=\"wpforms-field-medium\" name=\"wpforms[fields][3]\" ><\/div><div id=\"wpforms-449-field_1-container\" class=\"wpforms-field wpforms-field-email\" data-field-id=\"1\"><label class=\"wpforms-field-label\" for=\"wpforms-449-field_1\">E-mail <span class=\"wpforms-required-label\">*<\/span><\/label><input type=\"email\" id=\"wpforms-449-field_1\" class=\"wpforms-field-medium wpforms-field-required\" name=\"wpforms[fields][1]\" spellcheck=\"false\" required><\/div><div id=\"wpforms-449-field_2-container\" class=\"wpforms-field wpforms-field-textarea\" data-field-id=\"2\"><label class=\"wpforms-field-label\" for=\"wpforms-449-field_2\">Votre message <span class=\"wpforms-required-label\">*<\/span><\/label><textarea id=\"wpforms-449-field_2\" class=\"wpforms-field-medium wpforms-field-required\" name=\"wpforms[fields][2]\" required><\/textarea><\/div><\/div><!-- .wpforms-field-container --><div class=\"wpforms-recaptcha-container wpforms-is-recaptcha wpforms-is-recaptcha-type-v2\" ><div class=\"g-recaptcha\" data-sitekey=\"6LfFBTYaAAAAANCLcrwC3lH-dsWHzp_qT1QPB9H7\"><\/div><input type=\"text\" name=\"g-recaptcha-hidden\" class=\"wpforms-recaptcha-hidden\" style=\"position:absolute!important;clip:rect(0,0,0,0)!important;height:1px!important;width:1px!important;border:0!important;overflow:hidden!important;padding:0!important;margin:0!important;\" data-rule-recaptcha=\"1\"><\/div><div class=\"wpforms-submit-container\" ><input type=\"hidden\" name=\"wpforms[id]\" value=\"449\"><input type=\"hidden\" name=\"page_title\" value=\"\"><input type=\"hidden\" name=\"page_url\" value=\"https:\/\/www.re-creation.be\/index.php\/wp-json\/wp\/v2\/pages\/40\"><input type=\"hidden\" name=\"url_referer\" value=\"\"><button type=\"submit\" name=\"wpforms[submit]\" id=\"wpforms-submit-449\" class=\"wpforms-submit\" data-alt-text=\"Envoi...\" data-submit-text=\"Envoyer\" aria-live=\"assertive\" value=\"wpforms-submit\">Envoyer<\/button><\/div><\/form><\/div>  <!-- .wpforms-container --><\/div><\/div><\/div>\n\n\n\n<div class=\"wp-block-kioken-features kioken-features-_17a148-c7\" data-columns=\"1\" data-ojbect-id=\"_17a148-c7\"><div class=\"wp-block-kioken-features__inner has-no-padding has-no-margin has-no-gutter has-center-content kt_flex_aligntop\">\n<div class=\"wp-block-kioken-feature kioken-feature-_ad7e46-6e\" data-ojbect-id=\"_ad7e46-6e\"><div class=\"wp-block-kioken-feature__inner has-padding has-medium-padding\">\n<h2 class=\"wp-block-heading\"><a href=\"http:\/\/www.re-creation.be\/index.php\/conditions-generales-de-prestations-de-services\/\" target=\"_blank\" rel=\"noreferrer noopener\">Conditions g\u00e9n\u00e9rales de prestations de services<\/a><\/h2>\n\n\n\n<div class=\"wp-block-kioken-advancedbtn kt-btn-align-center kt-btns-wrap kt-btns_835d18-53 ticss-dc835d18\"><div class=\"kt-btn-wrap kt-btn-wrap-0 \"><a class=\"kt-button kt-btn-0-action   kt-btn-svg-show-always kt-btn-has-text-true kt-btn-has-svg-false\" href=\"http:\/\/www.re-creation.be\/index.php\/conditions-generales-de-prestations-de-services\/\" style=\"font-size:25px;border-radius:25px;border-width:2px\"><span class=\"kt-btn-inner-text\">Lire les conditions<\/span><\/a><\/div><\/div>\n<\/div><\/div>\n<\/div><\/div>\n\n\n<p>\u00a0<\/p>\n<p>\u00a0<\/p>\n<p>\u00a0<\/p>\n<p>\u00a0<\/p>","protected":false},"excerpt":{"rendered":"<p>Quel que soit votre d\u00e9fi, vos questions, vos envies, compl\u00e9tez ce formulaire vous rapprochera d\u00e9j\u00e0 de votre re-cr\u00e9ation! \u00a0 \u00a0 \u00a0 \u00a0<\/p>\n","protected":false},"author":2,"featured_media":0,"parent":0,"menu_order":0,"comment_status":"closed","ping_status":"closed","template":"template-contact.php","meta":{"kk_blocks_editor_width":"","_kiokenblocks_attr":"","_kiokenblocks_dimensions":"","footnotes":""},"class_list":["post-40","page","type-page","status-publish","hentry"],"_links":{"self":[{"href":"https:\/\/www.re-creation.be\/index.php\/wp-json\/wp\/v2\/pages\/40"}],"collection":[{"href":"https:\/\/www.re-creation.be\/index.php\/wp-json\/wp\/v2\/pages"}],"about":[{"href":"https:\/\/www.re-creation.be\/index.php\/wp-json\/wp\/v2\/types\/page"}],"author":[{"embeddable":true,"href":"https:\/\/www.re-creation.be\/index.php\/wp-json\/wp\/v2\/users\/2"}],"replies":[{"embeddable":true,"href":"https:\/\/www.re-creation.be\/index.php\/wp-json\/wp\/v2\/comments?post=40"}],"version-history":[{"count":43,"href":"https:\/\/www.re-creation.be\/index.php\/wp-json\/wp\/v2\/pages\/40\/revisions"}],"predecessor-version":[{"id":769,"href":"https:\/\/www.re-creation.be\/index.php\/wp-json\/wp\/v2\/pages\/40\/revisions\/769"}],"wp:attachment":[{"href":"https:\/\/www.re-creation.be\/index.php\/wp-json\/wp\/v2\/media?parent=40"}],"curies":[{"name":"wp","href":"https:\/\/api.w.org\/{rel}","templated":true}]}}