{"id":50,"date":"2016-09-01T14:29:55","date_gmt":"2016-09-01T13:29:55","guid":{"rendered":"http:\/\/www.re-creation.be\/?page_id=50"},"modified":"2017-07-12T11:14:48","modified_gmt":"2017-07-12T10:14:48","slug":"formation-et-accompagnement-collectif","status":"publish","type":"page","link":"https:\/\/www.re-creation.be\/index.php\/formation-et-accompagnement-collectif\/","title":{"rendered":"Formations"},"content":{"rendered":"<p>Tous les \u00e9v\u00e9nements (changements dans l&rsquo;\u00e9quipe, nouvelles missions, d\u00e9m\u00e9nagement&#8230;) sont des opportunit\u00e9s de poser de nouvelles questions, de c\u00e9l\u00e9brer des victoires, de penser \u00e0 l&rsquo;avenir&#8230;<\/p>\n<p>En \u00e9quipe, nous vous proposons diff\u00e9rentes formules : de la formation, de la supervision,<br \/>\ndu teambuilding. Avant tout, notre premier contact nous permettra de comprendre votre environnement, votre activit\u00e9, vos objectifs et vos d\u00e9fis.<\/p>\n<p>Selon vos questions, vos besoins, le temps dont vous disposez et la taille de votre \u00e9quipe,<br \/>\nvous recevrez un plan d&rsquo;action personnalis\u00e9 pour vous et vos collaborateurs. Tant les outils utilis\u00e9s que la formule, le rythme &#8230; seront pens\u00e9s sp\u00e9cifiquement et seront \u00e9valu\u00e9s avec vous au fur et \u00e0 mesure du parcours.<\/p>\n<p>Exemples de th\u00e9matiques d&rsquo;intervention collectives :<\/p>\n<p><img loading=\"lazy\" decoding=\"async\" class=\" wp-image-233 aligncenter\" src=\"http:\/\/www.re-creation.be\/wp-content\/uploads\/2017\/05\/Diapositive1-300x169.gif\" alt=\"\" width=\"880\" height=\"496\" srcset=\"https:\/\/www.re-creation.be\/wp-content\/uploads\/2017\/05\/Diapositive1-300x169.gif 300w, https:\/\/www.re-creation.be\/wp-content\/uploads\/2017\/05\/Diapositive1-768x432.gif 768w, https:\/\/www.re-creation.be\/wp-content\/uploads\/2017\/05\/Diapositive1-1024x576.gif 1024w\" sizes=\"(max-width: 880px) 100vw, 880px\" \/><\/p>\n<ul>\n<li>Quel est l&rsquo;identit\u00e9 de votre \u00e9quipe ?<\/li>\n<li>Communication efficace : pour qui ? \u00c0 quel moment ? Comment ?<\/li>\n<li>Comment osez-vous ?! Qu&rsquo;est-ce qui stimule votre cr\u00e9ativit\u00e9 ?<\/li>\n<li>Qu&rsquo;est-ce qui donne du sens \u00e0 vos actions, provoque votre plaisir et garanti votre efficacit\u00e9 collective?<\/li>\n<li>Comment r\u00e9agit votre \u00e9quipe face au(x) changement(s) ?<\/li>\n<li>Comment prenez-vous soin de vous?<\/li>\n<\/ul>\n","protected":false},"excerpt":{"rendered":"<p>Tous les \u00e9v\u00e9nements (changements dans l&rsquo;\u00e9quipe, nouvelles missions, d\u00e9m\u00e9nagement&#8230;) sont des opportunit\u00e9s de poser de nouvelles questions, de c\u00e9l\u00e9brer des victoires, de penser \u00e0 l&rsquo;avenir&#8230; En \u00e9quipe, nous vous proposons diff\u00e9rentes formules : de la formation, de la supervision, du teambuilding. Avant tout, notre premier contact nous permettra de comprendre votre environnement, votre activit\u00e9, vos [&hellip;]<\/p>\n","protected":false},"author":2,"featured_media":0,"parent":0,"menu_order":0,"comment_status":"closed","ping_status":"closed","template":"template-fullwidth.php","meta":{"kk_blocks_editor_width":"","_kiokenblocks_attr":"","_kiokenblocks_dimensions":"","footnotes":""},"class_list":["post-50","page","type-page","status-publish","hentry"],"_links":{"self":[{"href":"https:\/\/www.re-creation.be\/index.php\/wp-json\/wp\/v2\/pages\/50"}],"collection":[{"href":"https:\/\/www.re-creation.be\/index.php\/wp-json\/wp\/v2\/pages"}],"about":[{"href":"https:\/\/www.re-creation.be\/index.php\/wp-json\/wp\/v2\/types\/page"}],"author":[{"embeddable":true,"href":"https:\/\/www.re-creation.be\/index.php\/wp-json\/wp\/v2\/users\/2"}],"replies":[{"embeddable":true,"href":"https:\/\/www.re-creation.be\/index.php\/wp-json\/wp\/v2\/comments?post=50"}],"version-history":[{"count":9,"href":"https:\/\/www.re-creation.be\/index.php\/wp-json\/wp\/v2\/pages\/50\/revisions"}],"predecessor-version":[{"id":236,"href":"https:\/\/www.re-creation.be\/index.php\/wp-json\/wp\/v2\/pages\/50\/revisions\/236"}],"wp:attachment":[{"href":"https:\/\/www.re-creation.be\/index.php\/wp-json\/wp\/v2\/media?parent=50"}],"curies":[{"name":"wp","href":"https:\/\/api.w.org\/{rel}","templated":true}]}}